{"id":686,"date":"2023-04-14T10:52:41","date_gmt":"2023-04-14T08:52:41","guid":{"rendered":"https:\/\/www.escrime-ecb.fr\/?page_id=686"},"modified":"2023-04-27T14:53:07","modified_gmt":"2023-04-27T12:53:07","slug":"scolaire","status":"publish","type":"page","link":"https:\/\/www.escrime-ecb.fr\/index.php\/scolaire\/","title":{"rendered":"Scolaire"},"content":{"rendered":"\t\t<div data-elementor-type=\"wp-page\" data-elementor-id=\"686\" class=\"elementor elementor-686\">\n\t\t\t\t\t\t\t\t\t<section class=\"elementor-section elementor-top-section elementor-element elementor-element-08cd072 elementor-section-boxed elementor-section-height-default elementor-section-height-default\" data-id=\"08cd072\" data-element_type=\"section\">\n\t\t\t\t\t\t<div class=\"elementor-container elementor-column-gap-default\">\n\t\t\t\t\t<div class=\"elementor-column elementor-col-100 elementor-top-column elementor-element elementor-element-120b90f\" data-id=\"120b90f\" data-element_type=\"column\">\n\t\t\t<div class=\"elementor-widget-wrap elementor-element-populated\">\n\t\t\t\t\t\t\t\t<div class=\"elementor-element elementor-element-1d84610 elementor-widget elementor-widget-spacer\" data-id=\"1d84610\" data-element_type=\"widget\" data-widget_type=\"spacer.default\">\n\t\t\t\t<div class=\"elementor-widget-container\">\n\t\t\t<style>\/*! elementor - v3.14.0 - 26-06-2023 *\/\n.elementor-column .elementor-spacer-inner{height:var(--spacer-size)}.e-con{--container-widget-width:100%}.e-con-inner>.elementor-widget-spacer,.e-con>.elementor-widget-spacer{width:var(--container-widget-width,var(--spacer-size));--align-self:var(--container-widget-align-self,initial);--flex-shrink:0}.e-con-inner>.elementor-widget-spacer>.elementor-widget-container,.e-con-inner>.elementor-widget-spacer>.elementor-widget-container>.elementor-spacer,.e-con>.elementor-widget-spacer>.elementor-widget-container,.e-con>.elementor-widget-spacer>.elementor-widget-container>.elementor-spacer{height:100%}.e-con-inner>.elementor-widget-spacer>.elementor-widget-container>.elementor-spacer>.elementor-spacer-inner,.e-con>.elementor-widget-spacer>.elementor-widget-container>.elementor-spacer>.elementor-spacer-inner{height:var(--container-widget-height,var(--spacer-size))}<\/style>\t\t<div class=\"elementor-spacer\">\n\t\t\t<div class=\"elementor-spacer-inner\"><\/div>\n\t\t<\/div>\n\t\t\t\t<\/div>\n\t\t\t\t<\/div>\n\t\t\t\t<div class=\"elementor-element elementor-element-a177a4e elementor-widget elementor-widget-heading\" data-id=\"a177a4e\" data-element_type=\"widget\" data-widget_type=\"heading.default\">\n\t\t\t\t<div class=\"elementor-widget-container\">\n\t\t\t<style>\/*! elementor - v3.14.0 - 26-06-2023 *\/\n.elementor-heading-title{padding:0;margin:0;line-height:1}.elementor-widget-heading .elementor-heading-title[class*=elementor-size-]>a{color:inherit;font-size:inherit;line-height:inherit}.elementor-widget-heading .elementor-heading-title.elementor-size-small{font-size:15px}.elementor-widget-heading .elementor-heading-title.elementor-size-medium{font-size:19px}.elementor-widget-heading .elementor-heading-title.elementor-size-large{font-size:29px}.elementor-widget-heading .elementor-heading-title.elementor-size-xl{font-size:39px}.elementor-widget-heading .elementor-heading-title.elementor-size-xxl{font-size:59px}<\/style><h2 class=\"elementor-heading-title elementor-size-large\">L'ESCRIME A L'ECOLE<\/h2>\t\t<\/div>\n\t\t\t\t<\/div>\n\t\t\t\t\t<\/div>\n\t\t<\/div>\n\t\t\t\t\t\t\t<\/div>\n\t\t<\/section>\n\t\t\t\t<section class=\"elementor-section elementor-top-section elementor-element elementor-element-68c2dd3 elementor-section-boxed elementor-section-height-default elementor-section-height-default\" data-id=\"68c2dd3\" data-element_type=\"section\">\n\t\t\t\t\t\t<div class=\"elementor-container elementor-column-gap-default\">\n\t\t\t\t\t<div class=\"elementor-column elementor-col-100 elementor-top-column elementor-element elementor-element-4a06c78\" data-id=\"4a06c78\" data-element_type=\"column\">\n\t\t\t<div class=\"elementor-widget-wrap elementor-element-populated\">\n\t\t\t\t\t\t\t\t<div class=\"elementor-element elementor-element-437f2aa elementor-widget elementor-widget-text-editor\" data-id=\"437f2aa\" data-element_type=\"widget\" data-widget_type=\"text-editor.default\">\n\t\t\t\t<div class=\"elementor-widget-container\">\n\t\t\t<style>\/*! elementor - v3.14.0 - 26-06-2023 *\/\n.elementor-widget-text-editor.elementor-drop-cap-view-stacked .elementor-drop-cap{background-color:#69727d;color:#fff}.elementor-widget-text-editor.elementor-drop-cap-view-framed .elementor-drop-cap{color:#69727d;border:3px solid;background-color:transparent}.elementor-widget-text-editor:not(.elementor-drop-cap-view-default) .elementor-drop-cap{margin-top:8px}.elementor-widget-text-editor:not(.elementor-drop-cap-view-default) .elementor-drop-cap-letter{width:1em;height:1em}.elementor-widget-text-editor .elementor-drop-cap{float:left;text-align:center;line-height:1;font-size:50px}.elementor-widget-text-editor .elementor-drop-cap-letter{display:inline-block}<\/style>\t\t\t\t<p>L\u2019escrime est pr\u00e9sente depuis longtemps \u00e0 l\u2019\u00e9cole primaire. Les instituteurs, puis les professeurs des \u00e9coles, avec l\u2019aide des ma\u00eetres d\u2019armes, ont tout de suite appr\u00e9ci\u00e9 la richesse \u00e9ducative de cette discipline.\u00a0De nombreux enseignants proposent d\u00e9j\u00e0 de l&rsquo;escrime \u00e0 leurs \u00e9l\u00e8ves.\u00a0Outre les qualit\u00e9s physiques et de pr\u00e9cisions que d\u00e9veloppe la pratique de l&rsquo;escrime, ce sport offre des notions structurantes et un certain nombre de valeurs int\u00e9ressantes pour l&rsquo;\u00e9ducation des enfants.<\/p>\t\t\t\t\t\t<\/div>\n\t\t\t\t<\/div>\n\t\t\t\t\t<\/div>\n\t\t<\/div>\n\t\t\t\t\t\t\t<\/div>\n\t\t<\/section>\n\t\t\t\t<section class=\"elementor-section elementor-top-section elementor-element elementor-element-a8811ad elementor-section-boxed elementor-section-height-default elementor-section-height-default\" data-id=\"a8811ad\" data-element_type=\"section\">\n\t\t\t\t\t\t<div class=\"elementor-container elementor-column-gap-default\">\n\t\t\t\t\t<div class=\"elementor-column elementor-col-100 elementor-top-column elementor-element elementor-element-8b8b523\" data-id=\"8b8b523\" data-element_type=\"column\">\n\t\t\t<div class=\"elementor-widget-wrap elementor-element-populated\">\n\t\t\t\t\t\t\t\t<div class=\"elementor-element elementor-element-ab452a1 elementor-widget elementor-widget-heading\" data-id=\"ab452a1\" data-element_type=\"widget\" data-widget_type=\"heading.default\">\n\t\t\t\t<div class=\"elementor-widget-container\">\n\t\t\t<h2 class=\"elementor-heading-title elementor-size-default\">UN SPORT DE COMBAT POUR TOUS<\/h2>\t\t<\/div>\n\t\t\t\t<\/div>\n\t\t\t\t\t<\/div>\n\t\t<\/div>\n\t\t\t\t\t\t\t<\/div>\n\t\t<\/section>\n\t\t\t\t<section class=\"elementor-section elementor-top-section elementor-element elementor-element-c40fba0 elementor-section-boxed elementor-section-height-default elementor-section-height-default\" data-id=\"c40fba0\" data-element_type=\"section\">\n\t\t\t\t\t\t<div class=\"elementor-container elementor-column-gap-default\">\n\t\t\t\t\t<div class=\"elementor-column elementor-col-100 elementor-top-column elementor-element elementor-element-acbcd34\" data-id=\"acbcd34\" data-element_type=\"column\">\n\t\t\t<div class=\"elementor-widget-wrap elementor-element-populated\">\n\t\t\t\t\t\t\t\t<div class=\"elementor-element elementor-element-f4c214a elementor-widget elementor-widget-text-editor\" data-id=\"f4c214a\" data-element_type=\"widget\" data-widget_type=\"text-editor.default\">\n\t\t\t\t<div class=\"elementor-widget-container\">\n\t\t\t\t\t\t\t<p>Petits, grands, filles, gar\u00e7ons, forts, moins forts, jeunes, moins jeunes, tous peuvent se rencontrer et jouer ensemble. L\u2019escrime est une des seules activit\u00e9s de combat qui permet un affrontement intense sans brutalit\u00e9, notamment pour deux raisons essentielles :<\/p><ul><li>L\u2019opposition se fait sans contact corporel direct, contrairement aux autres sports de combat (boxe, judo, karat\u00e9 \u2026)<\/li><li>L\u2019usage d\u2019une arme identique r\u00e9duit l\u2019importance des diff\u00e9rences morphologiques entre les tireurs.<\/li><\/ul><p>Du reste, les savoir-faire n\u00e9cessaires au d\u00e9butant pour commencer \u00e0 jouer, s\u2019acqui\u00e8rent facilement. L\u2019activit\u00e9 se construit essentiellement sur le plan cognitif : la compr\u00e9hension des r\u00e8gles, la mise en place d\u2019une tactique, l\u2019adaptation \u00e0 l\u2019adversaire. En ce sens l\u2019escrime a toute sa place au sein du syst\u00e8me \u00e9ducatif.<\/p>\t\t\t\t\t\t<\/div>\n\t\t\t\t<\/div>\n\t\t\t\t\t<\/div>\n\t\t<\/div>\n\t\t\t\t\t\t\t<\/div>\n\t\t<\/section>\n\t\t\t\t<section class=\"elementor-section elementor-top-section elementor-element elementor-element-7611826 elementor-section-boxed elementor-section-height-default elementor-section-height-default\" data-id=\"7611826\" data-element_type=\"section\">\n\t\t\t\t\t\t<div class=\"elementor-container elementor-column-gap-default\">\n\t\t\t\t\t<div class=\"elementor-column elementor-col-100 elementor-top-column elementor-element elementor-element-4d141ca\" data-id=\"4d141ca\" data-element_type=\"column\">\n\t\t\t<div class=\"elementor-widget-wrap elementor-element-populated\">\n\t\t\t\t\t\t\t\t<div class=\"elementor-element elementor-element-d2fe334 elementor-widget elementor-widget-heading\" data-id=\"d2fe334\" data-element_type=\"widget\" data-widget_type=\"heading.default\">\n\t\t\t\t<div class=\"elementor-widget-container\">\n\t\t\t<h2 class=\"elementor-heading-title elementor-size-default\">L'INTERET PEDAGOGIQUE<\/h2>\t\t<\/div>\n\t\t\t\t<\/div>\n\t\t\t\t\t<\/div>\n\t\t<\/div>\n\t\t\t\t\t\t\t<\/div>\n\t\t<\/section>\n\t\t\t\t<section class=\"elementor-section elementor-top-section elementor-element elementor-element-8f0f093 elementor-section-boxed elementor-section-height-default elementor-section-height-default\" data-id=\"8f0f093\" data-element_type=\"section\">\n\t\t\t\t\t\t<div class=\"elementor-container elementor-column-gap-default\">\n\t\t\t\t\t<div class=\"elementor-column elementor-col-100 elementor-top-column elementor-element elementor-element-a14cdcc\" data-id=\"a14cdcc\" data-element_type=\"column\">\n\t\t\t<div class=\"elementor-widget-wrap elementor-element-populated\">\n\t\t\t\t\t\t\t\t<div class=\"elementor-element elementor-element-e47519d elementor-widget elementor-widget-text-editor\" data-id=\"e47519d\" data-element_type=\"widget\" data-widget_type=\"text-editor.default\">\n\t\t\t\t<div class=\"elementor-widget-container\">\n\t\t\t\t\t\t\t<p>Ce sont des notions essentielles et structurantes que les \u00e9l\u00e8ves vont acqu\u00e9rir :<\/p><ul><li>Vaincre son appr\u00e9hension de l\u2019autre en situation d\u2019affrontement.<\/li><li>Adapter sa r\u00e9ponse motrice en fonction de l\u2019action de son adversaire.<\/li><li>Respecter des r\u00e8gles et les faire respecter.<\/li><li>Apprendre des coordinations motrices sp\u00e9cifi ques riches.<\/li><li>\u00c9laborer des strat\u00e9gies pour rendre son action efficace.<\/li><\/ul><p>Ce dernier point constitue une richesse p\u00e9dagogique qu\u2019il faut souligner. En effet, si la strat\u00e9gie est importante pour bon nombre d\u2019activit\u00e9s sportives, elle n\u2019est accessible que dans un second temps. Au tennis par exemple, il est indispensable de ma\u00eetriser la technique avant de pouvoir construire un point. En boxe, lutte, judo, la force et la puissance ont une telle importance que les cat\u00e9gories de poids ont \u00e9t\u00e9 institu\u00e9es. En escrime, les jeunes peuvent rapidement mettre en place des strat\u00e9gies. Les savoir-faire pour attaquer et d\u00e9fendre s\u2019acqui\u00e8rent rapidement et la force ne constitue pas un \u00e9l\u00e9ment pr\u00e9pond\u00e9rant pour gagner. D\u00e8s les premi\u00e8res s\u00e9ances, des constructions tactiques mettent en \u00e9vidence l\u2019intelligence du jeu n\u00e9cessaire pour toucher. L\u2019arbitrage est particuli\u00e8rement valoris\u00e9 et constitue, \u00e0 lui seul, un int\u00e9r\u00eat p\u00e9dagogique. Il faut conna\u00eetre la r\u00e8gle du jeu, la reconna\u00eetre en situation de match et la faire respecter. L\u2019arbitre doit notamment diriger le combat et s\u2019exprimer. Il reconna\u00eet les situations d\u2019attaque, de d\u00e9fense et sanctionne les fautes ; il attribue les points et d\u00e9clare le r\u00e9sultat du match. Cette t\u00e2che est particuli\u00e8rement formatrice pour des enfants. A chaque s\u00e9ance, elle se reproduit un grand nombre de fois.<\/p>\t\t\t\t\t\t<\/div>\n\t\t\t\t<\/div>\n\t\t\t\t<div class=\"elementor-element elementor-element-27dcaa8 elementor-widget elementor-widget-heading\" data-id=\"27dcaa8\" data-element_type=\"widget\" data-widget_type=\"heading.default\">\n\t\t\t\t<div class=\"elementor-widget-container\">\n\t\t\t<h2 class=\"elementor-heading-title elementor-size-default\">MECENAT<\/h2>\t\t<\/div>\n\t\t\t\t<\/div>\n\t\t\t\t<div class=\"elementor-element elementor-element-3af6461 elementor-widget elementor-widget-text-editor\" data-id=\"3af6461\" data-element_type=\"widget\" data-widget_type=\"text-editor.default\">\n\t\t\t\t<div class=\"elementor-widget-container\">\n\t\t\t\t\t\t\t<p>Afin de d\u00e9velopper la d\u00e9couverte et la pratique de l&rsquo;Escrime en milieu scolaire, nous sommes \u00e0 la recherche de m\u00e9c\u00e8nes (entreprises ou particuliers) qui, par leur don au club, permettront le financement de cycles d&rsquo;initiations dans les \u00e9coles publiques du bassin de Bourg-en-Bresse.<\/p>\t\t\t\t\t\t<\/div>\n\t\t\t\t<\/div>\n\t\t\t\t\t<\/div>\n\t\t<\/div>\n\t\t\t\t\t\t\t<\/div>\n\t\t<\/section>\n\t\t\t\t\t\t\t<\/div>\n\t\t","protected":false},"excerpt":{"rendered":"<p>L&rsquo;ESCRIME A L&rsquo;ECOLE L\u2019escrime est pr\u00e9sente depuis longtemps \u00e0 l\u2019\u00e9cole primaire. Les instituteurs, puis les professeurs des \u00e9coles, avec l\u2019aide des ma\u00eetres d\u2019armes, ont tout de suite appr\u00e9ci\u00e9 la richesse \u00e9ducative de cette discipline.\u00a0De nombreux enseignants proposent d\u00e9j\u00e0 de l&rsquo;escrime \u00e0 leurs \u00e9l\u00e8ves.\u00a0Outre les qualit\u00e9s physiques et de pr\u00e9cisions que d\u00e9veloppe la pratique de l&rsquo;escrime, [&hellip;]<\/p>\n","protected":false},"author":1,"featured_media":0,"parent":0,"menu_order":0,"comment_status":"closed","ping_status":"closed","template":"","meta":{"ocean_post_layout":"","ocean_both_sidebars_style":"","ocean_both_sidebars_content_width":0,"ocean_both_sidebars_sidebars_width":0,"ocean_sidebar":"0","ocean_second_sidebar":"0","ocean_disable_margins":"enable","ocean_add_body_class":"","ocean_shortcode_before_top_bar":"","ocean_shortcode_after_top_bar":"","ocean_shortcode_before_header":"","ocean_shortcode_after_header":"","ocean_has_shortcode":"","ocean_shortcode_after_title":"","ocean_shortcode_before_footer_widgets":"","ocean_shortcode_after_footer_widgets":"","ocean_shortcode_before_footer_bottom":"","ocean_shortcode_after_footer_bottom":"","ocean_display_top_bar":"default","ocean_display_header":"default","ocean_header_style":"","ocean_center_header_left_menu":"0","ocean_custom_header_template":"0","ocean_custom_logo":0,"ocean_custom_retina_logo":0,"ocean_custom_logo_max_width":0,"ocean_custom_logo_tablet_max_width":0,"ocean_custom_logo_mobile_max_width":0,"ocean_custom_logo_max_height":0,"ocean_custom_logo_tablet_max_height":0,"ocean_custom_logo_mobile_max_height":0,"ocean_header_custom_menu":"0","ocean_menu_typo_font_family":"0","ocean_menu_typo_font_subset":"","ocean_menu_typo_font_size":0,"ocean_menu_typo_font_size_tablet":0,"ocean_menu_typo_font_size_mobile":0,"ocean_menu_typo_font_size_unit":"px","ocean_menu_typo_font_weight":"","ocean_menu_typo_font_weight_tablet":"","ocean_menu_typo_font_weight_mobile":"","ocean_menu_typo_transform":"","ocean_menu_typo_transform_tablet":"","ocean_menu_typo_transform_mobile":"","ocean_menu_typo_line_height":0,"ocean_menu_typo_line_height_tablet":0,"ocean_menu_typo_line_height_mobile":0,"ocean_menu_typo_line_height_unit":"","ocean_menu_typo_spacing":0,"ocean_menu_typo_spacing_tablet":0,"ocean_menu_typo_spacing_mobile":0,"ocean_menu_typo_spacing_unit":"","ocean_menu_link_color":"","ocean_menu_link_color_hover":"","ocean_menu_link_color_active":"","ocean_menu_link_background":"","ocean_menu_link_hover_background":"","ocean_menu_link_active_background":"","ocean_menu_social_links_bg":"","ocean_menu_social_hover_links_bg":"","ocean_menu_social_links_color":"","ocean_menu_social_hover_links_color":"","ocean_disable_title":"default","ocean_disable_heading":"default","ocean_post_title":"","ocean_post_subheading":"","ocean_post_title_style":"","ocean_post_title_background_color":"","ocean_post_title_background":0,"ocean_post_title_bg_image_position":"","ocean_post_title_bg_image_attachment":"","ocean_post_title_bg_image_repeat":"","ocean_post_title_bg_image_size":"","ocean_post_title_height":0,"ocean_post_title_bg_overlay":0.5,"ocean_post_title_bg_overlay_color":"","ocean_disable_breadcrumbs":"default","ocean_breadcrumbs_color":"","ocean_breadcrumbs_separator_color":"","ocean_breadcrumbs_links_color":"","ocean_breadcrumbs_links_hover_color":"","ocean_display_footer_widgets":"default","ocean_display_footer_bottom":"default","ocean_custom_footer_template":"0","footnotes":""},"class_list":["post-686","page","type-page","status-publish","hentry","entry"],"_links":{"self":[{"href":"https:\/\/www.escrime-ecb.fr\/index.php\/wp-json\/wp\/v2\/pages\/686","targetHints":{"allow":["GET"]}}],"collection":[{"href":"https:\/\/www.escrime-ecb.fr\/index.php\/wp-json\/wp\/v2\/pages"}],"about":[{"href":"https:\/\/www.escrime-ecb.fr\/index.php\/wp-json\/wp\/v2\/types\/page"}],"author":[{"embeddable":true,"href":"https:\/\/www.escrime-ecb.fr\/index.php\/wp-json\/wp\/v2\/users\/1"}],"replies":[{"embeddable":true,"href":"https:\/\/www.escrime-ecb.fr\/index.php\/wp-json\/wp\/v2\/comments?post=686"}],"version-history":[{"count":14,"href":"https:\/\/www.escrime-ecb.fr\/index.php\/wp-json\/wp\/v2\/pages\/686\/revisions"}],"predecessor-version":[{"id":801,"href":"https:\/\/www.escrime-ecb.fr\/index.php\/wp-json\/wp\/v2\/pages\/686\/revisions\/801"}],"wp:attachment":[{"href":"https:\/\/www.escrime-ecb.fr\/index.php\/wp-json\/wp\/v2\/media?parent=686"}],"curies":[{"name":"wp","href":"https:\/\/api.w.org\/{rel}","templated":true}]}}